{"id":1038,"date":"2022-02-19T23:42:32","date_gmt":"2022-02-19T22:42:32","guid":{"rendered":"https:\/\/piargyfilm.com\/?page_id=1038"},"modified":"2024-03-11T07:54:33","modified_gmt":"2024-03-11T06:54:33","slug":"awards","status":"publish","type":"page","link":"https:\/\/piargyfilm.com\/sk\/awards\/","title":{"rendered":"Awards"},"content":{"rendered":"\n<div class=\"is-layout-flex wp-container-3 wp-block-columns\">\n<div class=\"is-layout-flow wp-block-column\"><\/div>\n\n\n\n<div class=\"is-layout-flow wp-block-column\"><\/div>\n<\/div>\n\n\n<p align=\"center\">\n<\/p><p style=\"text-align: center;\" align=\"center\"><strong>FUTURE OF FILM AWARDS, Ohrid, North Macedonia<\/strong><\/p>\n<p style=\"text-align: center;\" align=\"center\">BEST FEATURE FILM<\/p>\n<p style=\"text-align: center;\" align=\"center\">BEST DIRECTOR FEATURE FILM<\/p>\n<p style=\"text-align: center;\" align=\"center\"><a href=\"https:\/\/futureoffilmawards.com\/november-2022\" target=\"_blank\" rel=\"noopener\">VIAC<\/a><\/p>\n<p style=\"text-align: center;\" align=\"center\">\n<\/p><p style=\"text-align: center;\" align=\"center\"><strong>KRI\u0160T\u00c1\u013dOV\u00c9 KR\u00cdDLO\/CRYSTAL WING <\/strong><\/p>\n<p style=\"text-align: center;\" align=\"center\">BEST ACTRESS \u2013 Judit Bardos \u2013 winner<\/p>\n<p style=\"text-align: center;\" align=\"center\"><a href=\"https:\/\/kristalovekridlo.sk\/laureati-kristaloveho-kridla-za-rok-2022\/\" target=\"_blank\" rel=\"noopener\">VIAC<\/a><\/p>\n<p style=\"text-align: center;\" align=\"center\">\n<\/p><p style=\"text-align: center;\" align=\"center\"><strong>SUN IN NET, Slovakia<\/strong><\/p>\n<p style=\"text-align: center;\" align=\"center\"><a href=\"https:\/\/slnkovsieti.sk\/nominacie\/\" target=\"_blank\" rel=\"noopener\">https:\/\/slnkovsieti.sk\/nominacie\/<\/a><\/p>\n<p style=\"text-align: center;\" align=\"center\">12 AWARDS<\/p>\n<p style=\"text-align: center;\" align=\"center\">BEST SCRIPT<\/p>\n<p style=\"text-align: center;\" align=\"center\">BEST ACTOR<\/p>\n<p style=\"text-align: center;\" align=\"center\">BEST ACTRESS<\/p>\n<p style=\"text-align: center;\" align=\"center\">BEST ACTRESS in supporting role<\/p>\n<p style=\"text-align: center;\" align=\"center\">BEST SOUND<\/p>\n<p style=\"text-align: center;\" align=\"center\">BEST PRODUCTION DESIGNER<\/p>\n<p style=\"text-align: center;\" align=\"center\">BEST MAKE UP DESIGNER<\/p>\n<p style=\"text-align: center;\" align=\"center\">BEST COSTUME DESIGNER<\/p>\n<p style=\"text-align: center;\" align=\"center\">BEST EDITOR<\/p>\n<p style=\"text-align: center;\" align=\"center\">BEST CINEMATOGRAPHY<\/p>\n<p style=\"text-align: center;\" align=\"center\">BEST VISUAL EFFECTS<\/p>\n<p style=\"text-align: center;\" align=\"center\">AUDIENCE AWARD<\/p>\n<p style=\"text-align: center;\" align=\"center\"><a href=\"https:\/\/slnkovsieti.sk\/vysledky\/\" target=\"_blank\" rel=\"noopener\">VIAC<\/a><\/p>\n<p style=\"text-align: center;\" align=\"center\">\n<\/p><p style=\"text-align: center;\" align=\"center\"><strong>LA INTERNATIONAL FILM FESTIVAL, Los Angeles<\/strong><\/p>\n<p style=\"text-align: center;\" align=\"center\">BEST NARRATIVE FEATURE<\/p>\n<p style=\"text-align: center;\" align=\"center\"><a href=\"https:\/\/www.lafilmfestival.net\" target=\"_blank\" rel=\"noopener\">VIAC<\/a><\/p>\n<p style=\"text-align: center;\" align=\"center\">\n<\/p><p style=\"text-align: center;\" align=\"center\"><strong>FANTASPOA, Brazil<\/strong><\/p>\n<p style=\"text-align: center;\" align=\"center\">BEST CINEMATOGRAPHY<\/p>\n<p style=\"text-align: center;\" align=\"center\"><a href=\"http:\/\/www.fantaspoa.com\" target=\"_blank\" rel=\"noopener\">VIAC<\/a><\/p>\n<p><\/p>\n<p style=\"text-align: center;\" align=\"center\"><strong>P\u00c1PA HISTORICAL FILM FESTIVAL, Hungary<\/strong><\/p>\n<p style=\"text-align: center;\" align=\"center\">BEST ACTOR<\/p>\n<p style=\"text-align: center;\" align=\"center\">BEST CINEMATOGRAPHY<\/p>\n<p style=\"text-align: center;\" align=\"center\">AUDIENCE AWARD<\/p>\n<p style=\"text-align: center;\" align=\"center\">FOCUSFOX STUDIO AWARD FOR PRODUCERS<\/p>\n<p style=\"text-align: center;\" align=\"center\"><a href=\"https:\/\/pihff.com\/programs-awards\/\" target=\"_blank\" rel=\"noopener\">VIAC<\/a><\/p>\n<p><\/p>\n<p style=\"text-align: center;\" align=\"center\"><strong>GREECE INTERNATIONAL FILM FESTIVAL<\/strong><\/p>\n<p style=\"text-align: center;\" align=\"center\">BEST FEATURE FILM<\/p>\n<p style=\"text-align: center;\" align=\"center\">BEST PHOTOGRAPHY<\/p>\n<p style=\"text-align: center;\" align=\"center\">BEST PRODUCTION<\/p>\n<p style=\"text-align: center;\" align=\"center\"><a href=\"https:\/\/www.giffestival.net\" target=\"_blank\" rel=\"noopener\">VIAC<\/a><\/p>\n<p align=\"center\">\n<\/p><p style=\"text-align: center;\"><strong>Breaking TV Film Festival, UK<\/strong><\/p>\n<p style=\"text-align: center;\">BEST FILM<\/p>\n<p style=\"text-align: center;\">BEST ACTRESS<\/p>\n<p style=\"text-align: center;\">BEST SUPPORTING ACTOR<\/p>\n<p style=\"text-align: center;\"><a href=\"https:\/\/www.breakingtvfilmfestival.com\/\" target=\"_blank\" rel=\"noopener\" data-saferedirecturl=\"https:\/\/www.google.com\/url?q=https:\/\/www.breakingtvfilmfestival.com&amp;source=gmail&amp;ust=1710191419140000&amp;usg=AOvVaw2PsRLa8-xOeje90qJMZ1G0\">VIAC<\/a><\/p>\n<p><\/p>\n<p style=\"text-align: center;\"><strong> AVANCA FILM FESTIVAL, Portugal<\/strong><\/p>\n<p style=\"text-align: center;\">SPECIAL MENTION FEATURE FILM<\/p>\n<p style=\"text-align: center;\">BEST CINEMATOGRAPHY AWARD<\/p>\n<p style=\"text-align: center;\">BEST ACTREES<\/p>\n<p style=\"text-align: center;\"><a href=\"https:\/\/avanca.com\/?q=pt\/node\/387\" target=\"_blank\" rel=\"noopener\" data-saferedirecturl=\"https:\/\/www.google.com\/url?q=https:\/\/avanca.com\/?q%3Dpt\/node\/387&amp;source=gmail&amp;ust=1710191419140000&amp;usg=AOvVaw1pN4SBjiKFcJldYYPVUNlI\">VIAC<\/a><\/p>\n<p><\/p>\n<p style=\"text-align: center;\"><strong>DJARFOGO INTERNATIONAL FILM FESTIVAL, Cape Verde<\/strong><\/p>\n<p style=\"text-align: center;\">BEST NARRATIVE FEATURE<\/p>\n<p style=\"text-align: center;\"><a href=\"https:\/\/www.djarfogofilm.org\/\" target=\"_blank\" rel=\"noopener\" data-saferedirecturl=\"https:\/\/www.google.com\/url?q=https:\/\/www.djarfogofilm.org\/&amp;source=gmail&amp;ust=1710191419140000&amp;usg=AOvVaw19UZRSigM6crsjSGfDd-w9\">VIAC<\/a><\/p>\n<p><\/p>\n<p style=\"text-align: center;\"><strong>KAMERA 2023, Slovakia<\/strong><\/p>\n<p style=\"text-align: center;\">BEST CINEMATOGRAPHY AWARD \u2013 Peter Bencs\u00edk<\/p>\n<p style=\"text-align: center;\"><a href=\"https:\/\/www.slovakcine.com\/cena-kamera\" target=\"_blank\" rel=\"noopener\" data-saferedirecturl=\"https:\/\/www.google.com\/url?q=https:\/\/www.slovakcine.com\/cena-kamera&amp;source=gmail&amp;ust=1710191419140000&amp;usg=AOvVaw0a9V9V40LYhubHVAE22rgh\">VIAC<\/a><\/p>\n<p><\/p>\n<p style=\"text-align: center;\"><strong>BALKAN PANORAMA FILM FESTIVAL, Izmir, Turkey<\/strong><\/p>\n<p style=\"text-align: center;\">BEST FILM<\/p>\n<p style=\"text-align: center;\">BEST ACTRESS<\/p>\n<p style=\"text-align: center;\">BEST DIRECTOR<\/p>\n<p style=\"text-align: center;\"><a href=\"https:\/\/www.bpff.com.tr\/en\/\" target=\"_blank\" rel=\"noopener\" data-saferedirecturl=\"https:\/\/www.google.com\/url?q=https:\/\/www.bpff.com.tr\/en\/&amp;source=gmail&amp;ust=1710191419140000&amp;usg=AOvVaw0PkKcGdmubKCQeD1xE5sP5\">VIAC<\/a><\/p>\n<p><\/p>\n<p style=\"text-align: center;\"><strong>BUDAPEST INDEPENDENT FILM FESTIVAL, Hungary<\/strong><\/p>\n<p style=\"text-align: center;\">BEST FEATURE FILM<\/p>\n<p style=\"text-align: center;\"><a href=\"https:\/\/budapestindiefest.com\/\" target=\"_blank\" rel=\"noopener\" data-saferedirecturl=\"https:\/\/www.google.com\/url?q=https:\/\/budapestindiefest.com\/&amp;source=gmail&amp;ust=1710191419140000&amp;usg=AOvVaw0-k0QyCyP2Ri5gpdMwAdut\">VIAC<\/a><\/p>","protected":false},"excerpt":{"rendered":"<p class=\"excerpt\">FUTURE OF FILM AWARDS, Ohrid, North Macedonia BEST FEATURE FILM BEST DIRECTOR FEATURE FILM VIAC KRI\u0160T\u00c1\u013dOV\u00c9 KR\u00cdDLO\/CRYSTAL WING BEST ACTRESS \u2013 Judit Bardos \u2013 winner VIAC SUN IN NET, Slovakia https:\/\/slnkovsieti.sk\/nominacie\/ 12 AWARDS BEST SCRIPT BEST ACTOR BEST ACTRESS BEST ACTRESS in supporting role BEST SOUND BEST PRODUCTION DESIGNER BEST MAKE UP DESIGNER BEST COSTUME [&hellip;]<\/p>\n","protected":false},"author":1,"featured_media":0,"parent":0,"menu_order":0,"comment_status":"closed","ping_status":"closed","template":"","meta":{"_monsterinsights_skip_tracking":false,"_monsterinsights_sitenote_active":false,"_monsterinsights_sitenote_note":"","_monsterinsights_sitenote_category":0},"yoast_head":"<!-- This site is optimized with the Yoast SEO plugin v20.2.1 - https:\/\/yoast.com\/wordpress\/plugins\/seo\/ -->\n<title>Awards - Piargy Film<\/title>\n<meta name=\"robots\" content=\"index, follow, max-snippet:-1, max-image-preview:large, max-video-preview:-1\" \/>\n<link rel=\"canonical\" href=\"https:\/\/piargyfilm.com\/awards\/\" \/>\n<meta property=\"og:locale\" content=\"sk_SK\" \/>\n<meta property=\"og:type\" content=\"article\" \/>\n<meta property=\"og:title\" content=\"Awards - Piargy Film\" \/>\n<meta property=\"og:description\" content=\"FUTURE OF FILM AWARDS, Ohrid, North Macedonia BEST FEATURE FILM BEST DIRECTOR FEATURE FILM VIAC KRI\u0160T\u00c1\u013dOV\u00c9 KR\u00cdDLO\/CRYSTAL WING BEST ACTRESS \u2013 Judit Bardos \u2013 winner VIAC SUN IN NET, Slovakia https:\/\/slnkovsieti.sk\/nominacie\/ 12 AWARDS BEST SCRIPT BEST ACTOR BEST ACTRESS BEST ACTRESS in supporting role BEST SOUND BEST PRODUCTION DESIGNER BEST MAKE UP DESIGNER BEST COSTUME [&hellip;]\" \/>\n<meta property=\"og:url\" content=\"https:\/\/piargyfilm.com\/awards\/\" \/>\n<meta property=\"og:site_name\" content=\"PIARGY\" \/>\n<meta property=\"article:modified_time\" content=\"2024-03-11T06:54:33+00:00\" \/>\n<meta name=\"twitter:card\" content=\"summary_large_image\" \/>\n<meta name=\"twitter:label1\" content=\"Predpokladan\u00fd \u010das \u010d\u00edtania\" \/>\n\t<meta name=\"twitter:data1\" content=\"1 min\u00fata\" \/>\n<script type=\"application\/ld+json\" class=\"yoast-schema-graph\">{\"@context\":\"https:\/\/schema.org\",\"@graph\":[{\"@type\":\"WebPage\",\"@id\":\"https:\/\/piargyfilm.com\/awards\/\",\"url\":\"https:\/\/piargyfilm.com\/awards\/\",\"name\":\"Awards - Piargy Film\",\"isPartOf\":{\"@id\":\"https:\/\/piargyfilm.com\/sk\/#website\"},\"datePublished\":\"2022-02-19T22:42:32+00:00\",\"dateModified\":\"2024-03-11T06:54:33+00:00\",\"breadcrumb\":{\"@id\":\"https:\/\/piargyfilm.com\/awards\/#breadcrumb\"},\"inLanguage\":\"sk-SK\",\"potentialAction\":[{\"@type\":\"ReadAction\",\"target\":[\"https:\/\/piargyfilm.com\/awards\/\"]}]},{\"@type\":\"BreadcrumbList\",\"@id\":\"https:\/\/piargyfilm.com\/awards\/#breadcrumb\",\"itemListElement\":[{\"@type\":\"ListItem\",\"position\":1,\"name\":\"Home\",\"item\":\"https:\/\/piargyfilm.com\/\"},{\"@type\":\"ListItem\",\"position\":2,\"name\":\"Awards\"}]},{\"@type\":\"WebSite\",\"@id\":\"https:\/\/piargyfilm.com\/sk\/#website\",\"url\":\"https:\/\/piargyfilm.com\/sk\/\",\"name\":\"PIARGY\",\"description\":\"Slovensk\u00fd pr\u00edbeh, svojou kr\u00e1sou sved\u010d\u00ed o zkaze\",\"potentialAction\":[{\"@type\":\"SearchAction\",\"target\":{\"@type\":\"EntryPoint\",\"urlTemplate\":\"https:\/\/piargyfilm.com\/sk\/?s={search_term_string}\"},\"query-input\":\"required name=search_term_string\"}],\"inLanguage\":\"sk-SK\"}]}<\/script>\n<!-- \/ Yoast SEO plugin. -->","yoast_head_json":{"title":"Awards - Piargy Film","robots":{"index":"index","follow":"follow","max-snippet":"max-snippet:-1","max-image-preview":"max-image-preview:large","max-video-preview":"max-video-preview:-1"},"canonical":"https:\/\/piargyfilm.com\/awards\/","og_locale":"sk_SK","og_type":"article","og_title":"Awards - Piargy Film","og_description":"FUTURE OF FILM AWARDS, Ohrid, North Macedonia BEST FEATURE FILM BEST DIRECTOR FEATURE FILM VIAC KRI\u0160T\u00c1\u013dOV\u00c9 KR\u00cdDLO\/CRYSTAL WING BEST ACTRESS \u2013 Judit Bardos \u2013 winner VIAC SUN IN NET, Slovakia https:\/\/slnkovsieti.sk\/nominacie\/ 12 AWARDS BEST SCRIPT BEST ACTOR BEST ACTRESS BEST ACTRESS in supporting role BEST SOUND BEST PRODUCTION DESIGNER BEST MAKE UP DESIGNER BEST COSTUME [&hellip;]","og_url":"https:\/\/piargyfilm.com\/awards\/","og_site_name":"PIARGY","article_modified_time":"2024-03-11T06:54:33+00:00","twitter_card":"summary_large_image","twitter_misc":{"Predpokladan\u00fd \u010das \u010d\u00edtania":"1 min\u00fata"},"schema":{"@context":"https:\/\/schema.org","@graph":[{"@type":"WebPage","@id":"https:\/\/piargyfilm.com\/awards\/","url":"https:\/\/piargyfilm.com\/awards\/","name":"Awards - Piargy Film","isPartOf":{"@id":"https:\/\/piargyfilm.com\/sk\/#website"},"datePublished":"2022-02-19T22:42:32+00:00","dateModified":"2024-03-11T06:54:33+00:00","breadcrumb":{"@id":"https:\/\/piargyfilm.com\/awards\/#breadcrumb"},"inLanguage":"sk-SK","potentialAction":[{"@type":"ReadAction","target":["https:\/\/piargyfilm.com\/awards\/"]}]},{"@type":"BreadcrumbList","@id":"https:\/\/piargyfilm.com\/awards\/#breadcrumb","itemListElement":[{"@type":"ListItem","position":1,"name":"Home","item":"https:\/\/piargyfilm.com\/"},{"@type":"ListItem","position":2,"name":"Awards"}]},{"@type":"WebSite","@id":"https:\/\/piargyfilm.com\/sk\/#website","url":"https:\/\/piargyfilm.com\/sk\/","name":"PIARGY","description":"Slovensk\u00fd pr\u00edbeh, svojou kr\u00e1sou sved\u010d\u00ed o zkaze","potentialAction":[{"@type":"SearchAction","target":{"@type":"EntryPoint","urlTemplate":"https:\/\/piargyfilm.com\/sk\/?s={search_term_string}"},"query-input":"required name=search_term_string"}],"inLanguage":"sk-SK"}]}},"_links":{"self":[{"href":"https:\/\/piargyfilm.com\/sk\/wp-json\/wp\/v2\/pages\/1038"}],"collection":[{"href":"https:\/\/piargyfilm.com\/sk\/wp-json\/wp\/v2\/pages"}],"about":[{"href":"https:\/\/piargyfilm.com\/sk\/wp-json\/wp\/v2\/types\/page"}],"author":[{"embeddable":true,"href":"https:\/\/piargyfilm.com\/sk\/wp-json\/wp\/v2\/users\/1"}],"replies":[{"embeddable":true,"href":"https:\/\/piargyfilm.com\/sk\/wp-json\/wp\/v2\/comments?post=1038"}],"version-history":[{"count":6,"href":"https:\/\/piargyfilm.com\/sk\/wp-json\/wp\/v2\/pages\/1038\/revisions"}],"predecessor-version":[{"id":1202,"href":"https:\/\/piargyfilm.com\/sk\/wp-json\/wp\/v2\/pages\/1038\/revisions\/1202"}],"wp:attachment":[{"href":"https:\/\/piargyfilm.com\/sk\/wp-json\/wp\/v2\/media?parent=1038"}],"curies":[{"name":"wp","href":"https:\/\/api.w.org\/{rel}","templated":true}]}}